{"id":5595,"date":"2025-03-25T21:21:44","date_gmt":"2025-03-25T20:21:44","guid":{"rendered":"https:\/\/lesboitesdebobonne.com\/?post_type=product&#038;p=5595"},"modified":"2026-01-11T12:49:23","modified_gmt":"2026-01-11T11:49:23","slug":"tiramisus-poire","status":"publish","type":"product","link":"https:\/\/lesboitesdebobonne.com\/index.php\/produit\/tiramisus-poire\/","title":{"rendered":"Verrines dessert (par 10 min.)"},"content":{"rendered":"<p class=\"\" data-start=\"89\" data-end=\"156\">\ud83c\udf70 <strong data-start=\"92\" data-end=\"153\">DESSERTS EN VERRINES : UN PLAISIR INDIVIDUEL \u00c0 PARTAGER !<\/strong> \ud83c\udf53<\/p>\n<p class=\"\" data-start=\"158\" data-end=\"299\">Pourquoi se contenter de n&rsquo;importe quel dessert quand on peut savourer des cr\u00e9ations maison, fra\u00eeches et gourmandes, pr\u00e9par\u00e9es avec soin ? \ud83d\ude0b<\/p>\n<p class=\"\" data-start=\"301\" data-end=\"391\">Nous vous proposons une s\u00e9lection de verrines sucr\u00e9es qui feront fondre vos papilles :<\/p>\n<p class=\"\" data-start=\"393\" data-end=\"991\">\u2728 <strong data-start=\"395\" data-end=\"417\">Mousse au chocolat<\/strong> : L\u2019onctuosit\u00e9 et la richesse du chocolat pur plaisir.<br data-start=\"472\" data-end=\"475\" \/>\ud83c\udf53 <strong data-start=\"478\" data-end=\"504\">Salade de fruits frais<\/strong> : Un m\u00e9lange fruit\u00e9 et rafra\u00eechissant, id\u00e9al pour une touche l\u00e9g\u00e8re.<br data-start=\"573\" data-end=\"576\" \/>\ud83c\udf70 <strong data-start=\"579\" data-end=\"594\">Cheesecake lemon<\/strong> : Cr\u00e9meux, citronn\u00e9 et d\u00e9licatement sucr\u00e9, un classique revisit\u00e9 avec amour.<br data-start=\"669\" data-end=\"672\" \/>\ud83d\udcab <strong data-start=\"675\" data-end=\"694\">Verrine Douceur<\/strong> : Un m\u00e9lange subtil et raffin\u00e9 de saveurs sucr\u00e9es chocolat et ingr\u00e9dient secret pour une pause gourmande.<br data-start=\"770\" data-end=\"773\" data-is-only-node=\"\" \/>\ud83c\udf50 <strong data-start=\"776\" data-end=\"804\">Tiramisu Poire sp\u00e9culoos<\/strong> : Le tiramisu revisit\u00e9, avec des poires fondantes et le croquant du sp\u00e9culoos.<br data-start=\"883\" data-end=\"886\" \/>\ud83c\udf53 <strong data-start=\"889\" data-end=\"908\">Tiramisu Fraise<\/strong> : Frais, fruit\u00e9, et cr\u00e9meux, un tiramisu digne des plus belles saisons estivales !<\/p>\n<p class=\"\" data-start=\"993\" data-end=\"1160\"><strong data-start=\"993\" data-end=\"1044\">Commandez d\u00e8s maintenant<\/strong><br data-start=\"1044\" data-end=\"1047\" \/><strong data-start=\"1190\" data-end=\"1211\">Prix : 4,30\u20ac l\u2019unit\u00e9<\/strong> <span style=\"color: #ff0000;\">(Minimum de commande : 10 verrines)<\/span><\/p>\n<p class=\"\" data-start=\"993\" data-end=\"1160\">Parfait pour vos \u00e9v\u00e9nements, repas en famille, ou m\u00eame un petit plaisir personnel \u00e0 savourer \u00e0 tout moment.<\/p>\n","protected":false},"excerpt":{"rendered":"<p>Explosion de saveurs<br \/>\n\u00e0 commander par 10 unit\u00e9s minimum<\/p>\n","protected":false},"featured_media":5597,"template":"","meta":{"_et_pb_use_builder":"off","_et_pb_old_content":"<span class=\"x1xsqp64 xiy17q3 x1o6pynw x19co3pv xdj266r xcwd3tp xat24cr x39eecv x2b8uid\" data-testid=\"emoji\"><span class=\"xexx8yu xn5pp95 x18d9i69 x2fxd7x x3jgonx x1bhl96m\">\ud83c\udf7e<\/span><\/span>D\u00e9licieuses gougouilles sal\u00e9es \u00e0 partager avec en plus, des nouveaut\u00e9s et surprises chaque mois<span class=\"x1xsqp64 xiy17q3 x1o6pynw x19co3pv xdj266r xcwd3tp xat24cr x39eecv x2b8uid\" data-testid=\"emoji\"><span class=\"xexx8yu xn5pp95 x18d9i69 x2fxd7x x3jgonx x1bhl96m\">\ud83e\udd42<\/span><\/span>\r\n\r\n<span class=\"x1xsqp64 xiy17q3 x1o6pynw x19co3pv xdj266r xcwd3tp xat24cr x39eecv x2b8uid\" data-testid=\"emoji\"><span class=\"xexx8yu xn5pp95 x18d9i69 x2fxd7x x3jgonx x1bhl96m\">\ud83d\ude0d\r\n<\/span><\/span>La composition de votre box varie en fonction des saisons et de l\u2019humeur de cheffe Bobonnette.Voici des exemples de ce que vous pouvez retrouver dans votre box ap\u00e9ro:\r\nCakes sal\u00e9s \u00a0|\u00a0 Trempettes\u00a0 |\u00a0 Chichen wings \u00a0|\u00a0 Olives marin\u00e9es \u00a0|\u00a0 Velout\u00e9 du moment \u00a0|\u00a0 Mini quiches maison \u00a0|\u00a0 Samoussas \u00a0|\u00a0 Mini boulettes | Wraps | Pissaladi\u00e8re\u00a0 |\u00a0 Boudin blanc grill\u00e9 | Bruschetta | Mini lasagne | Ribs caramelis\u00e9s | Fromage \u00a0|\u00a0 Charcuteries \u00a0|\u00a0 L\u00e9gumes croquants | Tapenades | Mini gratin | Mini pizza...\r\n\r\n<span class=\"x1xsqp64 xiy17q3 x1o6pynw x19co3pv xdj266r xcwd3tp xat24cr x39eecv x2b8uid\" data-testid=\"emoji\"><span class=\"xexx8yu xn5pp95 x18d9i69 x2fxd7x x3jgonx x1bhl96m\">\u2753\r\n<\/span><\/span>Vous ne savez donc pas \u00e0 100% ce qu\u2019il y aura dedans mais soyez certains que ce sera d\u00e9licieux et pr\u00e9par\u00e9 avec Amour.\r\nDisponible pour r\u00e9gime sp\u00e9cial.\r\n\r\n<strong><b>FORMATS \u00a0DISPONIBLES\r\n<\/b><\/strong>\u2022MAXI\u00a0 \u00a0 \u00a0|\u00a0 \u00a0 \u00a054\u20ac\u00a0 \u00a0 \u00a0 |\u00a0 \u00a0 \u00a0Repas principal pour 2\/3 adultes gourmands ou comme ap\u00e9ro avant un autre repas pour 4\/6 adultes\r\n\u2022MINI\u00a0 \u00a0 \u00a0 |\u00a0 \u00a0 \u00a030\u20ac\u00a0 \u00a0 \u00a0 |\u00a0 \u00a0 \u00a0 Repas principal pour 1 adulte ou pour grignoter avant un autre repas pour 2\/3 adultes\r\n\u2022BABY\u00a0 \u00a0 |\u00a0 \u00a0 \u00a015\u20ac\u00a0 \u00a0 \u00a0 |\u00a0 \u00a0 \u00a0 Repas pour les enfants entre 4 et 12 ans\r\n\r\n<strong><b>JE VOUS EXPLIQUE EN VID\u00c9O?\r\n<\/b><\/strong><a href=\"https:\/\/youtu.be\/1tfZ1WoBHaI?si=n2bs6ePs1GIPip7G\" target=\"_blank\" rel=\"noopener\"><span class=\"x1xsqp64 xiy17q3 x1o6pynw x19co3pv xdj266r xcwd3tp xat24cr x39eecv x2b8uid\" data-testid=\"emoji\"><span class=\"xexx8yu xn5pp95 x18d9i69 x2fxd7x x3jgonx x1bhl96m\">\u2764\ufe0f<\/span><\/span>\u00a0La box ap\u00e9ro\u00a0\u00a0\u00a0<\/a>\r\n\r\n<a href=\"https:\/\/youtu.be\/1uSA5rxB5t4?si=cx_DAf7Ev2SQxu_V\" target=\"_blank\" rel=\"noopener\"><span class=\"x1xsqp64 xiy17q3 x1o6pynw x19co3pv xdj266r xcwd3tp xat24cr x39eecv x2b8uid\" data-testid=\"emoji\"><span class=\"xexx8yu xn5pp95 x18d9i69 x2fxd7x x3jgonx x1bhl96m\">\ud83d\udc67<\/span><\/span>Les boxes pour enfants<\/a>\r\n\r\n\u00a0","_et_gb_content_width":""},"product_brand":[],"product_cat":[21],"product_tag":[],"class_list":{"0":"post-5595","1":"product","2":"type-product","3":"status-publish","4":"has-post-thumbnail","6":"product_cat-boites","8":"first","9":"instock","10":"shipping-taxable","11":"purchasable","12":"product-type-simple"},"_links":{"self":[{"href":"https:\/\/lesboitesdebobonne.com\/index.php\/wp-json\/wp\/v2\/product\/5595","targetHints":{"allow":["GET"]}}],"collection":[{"href":"https:\/\/lesboitesdebobonne.com\/index.php\/wp-json\/wp\/v2\/product"}],"about":[{"href":"https:\/\/lesboitesdebobonne.com\/index.php\/wp-json\/wp\/v2\/types\/product"}],"wp:featuredmedia":[{"embeddable":true,"href":"https:\/\/lesboitesdebobonne.com\/index.php\/wp-json\/wp\/v2\/media\/5597"}],"wp:attachment":[{"href":"https:\/\/lesboitesdebobonne.com\/index.php\/wp-json\/wp\/v2\/media?parent=5595"}],"wp:term":[{"taxonomy":"product_brand","embeddable":true,"href":"https:\/\/lesboitesdebobonne.com\/index.php\/wp-json\/wp\/v2\/product_brand?post=5595"},{"taxonomy":"product_cat","embeddable":true,"href":"https:\/\/lesboitesdebobonne.com\/index.php\/wp-json\/wp\/v2\/product_cat?post=5595"},{"taxonomy":"product_tag","embeddable":true,"href":"https:\/\/lesboitesdebobonne.com\/index.php\/wp-json\/wp\/v2\/product_tag?post=5595"}],"curies":[{"name":"wp","href":"https:\/\/api.w.org\/{rel}","templated":true}]}}