{"id":5316,"date":"2024-07-22T11:00:26","date_gmt":"2024-07-22T09:00:26","guid":{"rendered":"https:\/\/lesboitesdebobonne.com\/?post_type=product&#038;p=5316"},"modified":"2026-01-11T12:19:59","modified_gmt":"2026-01-11T11:19:59","slug":"petit-dejeuner-classique","status":"publish","type":"product","link":"https:\/\/lesboitesdebobonne.com\/index.php\/produit\/petit-dejeuner-classique\/","title":{"rendered":"Petit d\u00e9jeuner classique"},"content":{"rendered":"<h2 class=\"\" data-start=\"189\" data-end=\"249\">\ud83c\udf73 LA BOX PETIT D\u00c9JEUNER CLASSIQUE<\/h2>\n<p class=\"\" data-start=\"251\" data-end=\"484\"><strong data-start=\"251\" data-end=\"297\">Le r\u00e9veil n\u2019a jamais \u00e9t\u00e9 aussi d\u00e9licieux !<\/strong><br data-start=\"297\" data-end=\"300\" \/>Sucr\u00e9, sal\u00e9, croustillant, fondant\u2026 notre Petit D\u00e9jeuner Classique rassemble tous les <strong data-start=\"386\" data-end=\"414\">incontournables du matin<\/strong>, dans une box g\u00e9n\u00e9reuse, pleine de douceur, d\u2019\u00e9nergie et d\u2019amour. \u2615\ud83c\udf53<\/p>\n<h3 class=\"\" data-start=\"486\" data-end=\"543\">\ud83c\udf1e LE PLAISIR DU MATIN, SANS AVOIR \u00c0 SORTIR DU PYJAMA<\/h3>\n<p class=\"\" data-start=\"545\" data-end=\"733\">Parce qu\u2019un bon petit d\u00e9j\u2019, c\u2019est sacr\u00e9, Cheffe Bobonnette vous concocte une s\u00e9lection ultra gourmande, inspir\u00e9e des saisons et de son humeur du jour (toujours joyeuse, on vous rassure !).<\/p>\n<p class=\"\" data-start=\"735\" data-end=\"812\">\ud83d\udce6 <em data-start=\"738\" data-end=\"812\">Disponible en version sucr\u00e9e, sal\u00e9e ou mixte (selon l\u2019inspi du moment !)<\/em><\/p>\n<hr class=\"\" data-start=\"814\" data-end=\"817\" \/>\n<h3 class=\"\" data-start=\"819\" data-end=\"873\">\ud83e\udd50 CE QUE VOUS POURRIEZ RETROUVER DANS VOTRE BOX :<\/h3>\n<p class=\"\" data-start=\"875\" data-end=\"975\">Chaque box est unique, mais voici un petit aper\u00e7u des tr\u00e9sors du matin que vous pourriez y croiser :<\/p>\n<ul data-start=\"977\" data-end=\"1303\">\n<li class=\"\" data-start=\"977\" data-end=\"1014\">\n<p class=\"\" data-start=\"979\" data-end=\"1014\">Yaourt artisanal &amp; granola maison<\/p>\n<\/li>\n<li class=\"\" data-start=\"1015\" data-end=\"1046\">\n<p class=\"\" data-start=\"1017\" data-end=\"1046\">Fruits frais de saison \ud83c\udf47\ud83c\udf4d<\/p>\n<\/li>\n<li class=\"\" data-start=\"1047\" data-end=\"1078\">\n<p class=\"\" data-start=\"1049\" data-end=\"1078\">Croissants croustillants \ud83e\udd50<\/p>\n<\/li>\n<li class=\"\" data-start=\"1079\" data-end=\"1113\">\n<p class=\"\" data-start=\"1081\" data-end=\"1113\">Beurre doux &amp; confiture maison<\/p>\n<\/li>\n<li class=\"\" data-start=\"1114\" data-end=\"1154\">\n<p class=\"\" data-start=\"1116\" data-end=\"1154\">Cookie ou petite douceur surprise \ud83c\udf6a<\/p>\n<\/li>\n<li class=\"\" data-start=\"1155\" data-end=\"1194\">\n<p class=\"\" data-start=\"1157\" data-end=\"1194\">Brioche perdue aux amandes (miam !)<\/p>\n<\/li>\n<li class=\"\" data-start=\"1195\" data-end=\"1213\">\n<p class=\"\" data-start=\"1197\" data-end=\"1213\">Fromage affin\u00e9<\/p>\n<\/li>\n<li class=\"\" data-start=\"1214\" data-end=\"1241\">\n<p class=\"\" data-start=\"1216\" data-end=\"1241\">Charcuteries fines \ud83e\uddc0\ud83e\udd53<\/p>\n<\/li>\n<li class=\"\" data-start=\"1242\" data-end=\"1272\">\n<p class=\"\" data-start=\"1244\" data-end=\"1272\">\u0152ufs brouill\u00e9s tout chauds<\/p>\n<\/li>\n<li class=\"\" data-start=\"1273\" data-end=\"1303\">\n<p class=\"\" data-start=\"1275\" data-end=\"1303\">Bacon grill\u00e9 comme il faut<\/p>\n<\/li>\n<\/ul>\n<p class=\"\" data-start=\"1305\" data-end=\"1359\"><em data-start=\"1305\" data-end=\"1359\">Une box surprise\u2026 mais toujours un r\u00e9gal au r\u00e9veil !<\/em><\/p>\n<hr class=\"\" data-start=\"1361\" data-end=\"1364\" \/>\n<h3 class=\"\" data-start=\"1366\" data-end=\"1389\">\u2753R\u00c9GIMES SP\u00c9CIAUX<\/h3>\n<p class=\"\" data-start=\"1391\" data-end=\"1590\">Oui ! Sur simple demande, la box peut \u00eatre adapt\u00e9e \u00e0 vos envies ou besoins (v\u00e9g\u00e9tarien, sans porc, sans lactose, etc.).<br data-start=\"1510\" data-end=\"1513\" \/>On s\u2019adapte pour que <strong data-start=\"1534\" data-end=\"1587\">tout le monde commence sa journ\u00e9e avec le sourire<\/strong> \ud83d\ude0a<\/p>\n<hr class=\"\" data-start=\"1592\" data-end=\"1595\" \/>\n<h3 class=\"\" data-start=\"1597\" data-end=\"1625\">\ud83d\udce6 FORMATS DISPONIBLES :<\/h3>\n<p>MAXI \u2013 56\u20ac<br \/>\nRepas principal pour 2 adultes gourmands<\/p>\n<p>MINI \u2013 32\u20ac<br \/>\nRepas complet pour 1 adulte .\u200b<\/p>\n<p>BABY \u2013 16\u20ac<br \/>\nFormat adapt\u00e9 pour les enfants de 3 \u00e0 12 ans.\u200b<\/p>\n<hr class=\"\" data-start=\"1966\" data-end=\"1969\" \/>\n<h3 class=\"\" data-start=\"1971\" data-end=\"2018\">\u2764\ufe0f PR\u00caT\u00b7E \u00c0 D\u00c9MARRER LA JOURN\u00c9E EN BEAUT\u00c9 ?<\/h3>\n<p class=\"\" data-start=\"2020\" data-end=\"2157\">Offrez-vous un r\u00e9veil tout en douceur avec la box Petit D\u00e9jeuner Classique, pr\u00e9par\u00e9e avec soin (et bonne humeur !) par Cheffe Bobonnette.<\/p>\n<p data-start=\"2159\" data-end=\"2241\"><strong><b>JE VOUS EXPLIQUE EN VID\u00c9O?<br \/>\n\u2764\ufe0f<a href=\"https:\/\/youtu.be\/J31ZQSMXLIQ?si=bYgSZ9WD47EeXV8k\" target=\"_blank\" rel=\"noopener\">Le petit d\u00e9jeuner classique<\/a><\/b><\/strong><\/p>\n","protected":false},"excerpt":{"rendered":"<p>Le best of du petit d\u00e9j&rsquo; sucr\u00e9\/sal\u00e9!<\/p>\n","protected":false},"featured_media":5317,"template":"","meta":{"_et_pb_use_builder":"","_et_pb_old_content":"","_et_gb_content_width":""},"product_brand":[],"product_cat":[21],"product_tag":[],"class_list":{"0":"post-5316","1":"product","2":"type-product","3":"status-publish","4":"has-post-thumbnail","6":"product_cat-boites","8":"first","9":"instock","10":"shipping-taxable","11":"purchasable","12":"product-type-simple"},"_links":{"self":[{"href":"https:\/\/lesboitesdebobonne.com\/index.php\/wp-json\/wp\/v2\/product\/5316","targetHints":{"allow":["GET"]}}],"collection":[{"href":"https:\/\/lesboitesdebobonne.com\/index.php\/wp-json\/wp\/v2\/product"}],"about":[{"href":"https:\/\/lesboitesdebobonne.com\/index.php\/wp-json\/wp\/v2\/types\/product"}],"wp:featuredmedia":[{"embeddable":true,"href":"https:\/\/lesboitesdebobonne.com\/index.php\/wp-json\/wp\/v2\/media\/5317"}],"wp:attachment":[{"href":"https:\/\/lesboitesdebobonne.com\/index.php\/wp-json\/wp\/v2\/media?parent=5316"}],"wp:term":[{"taxonomy":"product_brand","embeddable":true,"href":"https:\/\/lesboitesdebobonne.com\/index.php\/wp-json\/wp\/v2\/product_brand?post=5316"},{"taxonomy":"product_cat","embeddable":true,"href":"https:\/\/lesboitesdebobonne.com\/index.php\/wp-json\/wp\/v2\/product_cat?post=5316"},{"taxonomy":"product_tag","embeddable":true,"href":"https:\/\/lesboitesdebobonne.com\/index.php\/wp-json\/wp\/v2\/product_tag?post=5316"}],"curies":[{"name":"wp","href":"https:\/\/api.w.org\/{rel}","templated":true}]}}