{"id":5313,"date":"2024-07-21T17:43:21","date_gmt":"2024-07-21T15:43:21","guid":{"rendered":"https:\/\/lesboitesdebobonne.com\/?post_type=product&#038;p=5313"},"modified":"2026-01-11T12:20:38","modified_gmt":"2026-01-11T11:20:38","slug":"pic-nic","status":"publish","type":"product","link":"https:\/\/lesboitesdebobonne.com\/index.php\/produit\/pic-nic\/","title":{"rendered":"Pique-nique"},"content":{"rendered":"<h2 class=\"\" data-start=\"169\" data-end=\"230\">\ud83e\uddfa LA BOX PIC-NIC \u2013 AP\u00c9RO OU BRUNCH \u2013 BY CHEFFE BOBONNETTE<\/h2>\n<p class=\"\" data-start=\"232\" data-end=\"461\"><strong data-start=\"232\" data-end=\"301\">Direction l\u2019herbe fra\u00eeche, les bords de l\u2019eau ou m\u00eame le salon&#8230;<\/strong><br data-start=\"301\" data-end=\"304\" \/>Avec cette box pens\u00e9e pour vos envies d\u2019\u00e9vasion, profitez d\u2019un mix ultra gourmand de <strong data-start=\"389\" data-end=\"420\">bouch\u00e9es froides \u00e0 emporter<\/strong>, parfaites pour un pique-nique r\u00e9ussi \ud83c\udf1e<\/p>\n<p class=\"\" data-start=\"463\" data-end=\"552\">\ud83e\udd5e <em data-start=\"466\" data-end=\"552\">Disponible en version sal\u00e9e ou en version sucr\u00e9e-sal\u00e9e, selon vos envies du moment !<\/em><\/p>\n<hr class=\"\" data-start=\"554\" data-end=\"557\" \/>\n<h3 class=\"\" data-start=\"559\" data-end=\"618\">\ud83c\udf3f UNE BOX QUI DONNE DES ENVIES DE D\u00c9JEUNER SUR L\u2019HERBE<\/h3>\n<p class=\"\" data-start=\"620\" data-end=\"855\">Chaque box est un concentr\u00e9 de fra\u00eecheur, de g\u00e9n\u00e9rosit\u00e9 et de cr\u00e9ativit\u00e9 sign\u00e9e Cheffe Bobonnette.<br data-start=\"718\" data-end=\"721\" \/>Le contenu varie avec les saisons et l\u2019inspiration du jour \u2013 mais une chose est s\u00fbre : <strong data-start=\"808\" data-end=\"854\">vous allez vous r\u00e9galer, o\u00f9 que vous soyez<\/strong>.<\/p>\n<hr class=\"\" data-start=\"857\" data-end=\"860\" \/>\n<h3 class=\"\" data-start=\"862\" data-end=\"922\">\ud83c\udf57 CE QUE VOUS POURRIEZ TROUVER DANS VOTRE BOX PIC-NIC :<\/h3>\n<p class=\"\" data-start=\"924\" data-end=\"940\"><strong data-start=\"924\" data-end=\"940\">C\u00f4t\u00e9 sucr\u00e9 :<\/strong><\/p>\n<ul data-start=\"941\" data-end=\"1135\">\n<li class=\"\" data-start=\"941\" data-end=\"961\">\n<p class=\"\" data-start=\"943\" data-end=\"961\">Yaourt &amp; granola<\/p>\n<\/li>\n<li class=\"\" data-start=\"962\" data-end=\"991\">\n<p class=\"\" data-start=\"964\" data-end=\"991\">Fruits frais de saison \ud83c\udf53<\/p>\n<\/li>\n<li class=\"\" data-start=\"992\" data-end=\"1012\">\n<p class=\"\" data-start=\"994\" data-end=\"1012\">Pancakes &amp; sirop<\/p>\n<\/li>\n<li class=\"\" data-start=\"1013\" data-end=\"1033\">\n<p class=\"\" data-start=\"1015\" data-end=\"1033\">Muffins moelleux<\/p>\n<\/li>\n<li class=\"\" data-start=\"1034\" data-end=\"1059\">\n<p class=\"\" data-start=\"1036\" data-end=\"1059\">Brioche ou pain sucr\u00e9<\/p>\n<\/li>\n<li class=\"\" data-start=\"1060\" data-end=\"1101\">\n<p class=\"\" data-start=\"1062\" data-end=\"1101\">Cookies, cannel\u00e9s, brownies, biscuits<\/p>\n<\/li>\n<li class=\"\" data-start=\"1102\" data-end=\"1135\">\n<p class=\"\" data-start=\"1104\" data-end=\"1135\">Truffes chocolat\u00e9es maison \ud83c\udf6b<\/p>\n<\/li>\n<\/ul>\n<p class=\"\" data-start=\"1137\" data-end=\"1152\"><strong data-start=\"1137\" data-end=\"1152\">C\u00f4t\u00e9 sal\u00e9 :<\/strong><\/p>\n<ul data-start=\"1153\" data-end=\"1460\">\n<li class=\"\" data-start=\"1153\" data-end=\"1192\">\n<p class=\"\" data-start=\"1155\" data-end=\"1192\">Cakes sal\u00e9s aux l\u00e9gumes ou fromages<\/p>\n<\/li>\n<li class=\"\" data-start=\"1193\" data-end=\"1219\">\n<p class=\"\" data-start=\"1195\" data-end=\"1219\">Chicken wings marin\u00e9es<\/p>\n<\/li>\n<li class=\"\" data-start=\"1220\" data-end=\"1243\">\n<p class=\"\" data-start=\"1222\" data-end=\"1243\">Boudin blanc grill\u00e9<\/p>\n<\/li>\n<li class=\"\" data-start=\"1244\" data-end=\"1272\">\n<p class=\"\" data-start=\"1246\" data-end=\"1272\">Mini navettes gourmandes<\/p>\n<\/li>\n<li class=\"\" data-start=\"1273\" data-end=\"1325\">\n<p class=\"\" data-start=\"1275\" data-end=\"1325\">Tapenade d\u2019olives noires &amp; biscuits sabl\u00e9s sal\u00e9s<\/p>\n<\/li>\n<li class=\"\" data-start=\"1326\" data-end=\"1374\">\n<p class=\"\" data-start=\"1328\" data-end=\"1374\">Brochettes froides (v\u00e9g\u00e9tariennes ou mixtes)<\/p>\n<\/li>\n<li class=\"\" data-start=\"1375\" data-end=\"1410\">\n<p class=\"\" data-start=\"1377\" data-end=\"1410\">L\u00e9gumes croquants &amp; dips maison<\/p>\n<\/li>\n<li class=\"\" data-start=\"1411\" data-end=\"1460\">\n<p class=\"\" data-start=\"1413\" data-end=\"1460\">Fromages affin\u00e9s &amp; charcuteries s\u00e9lectionn\u00e9es<\/p>\n<\/li>\n<\/ul>\n<p class=\"\" data-start=\"1462\" data-end=\"1556\">\ud83c\udf74 <em data-start=\"1465\" data-end=\"1556\">Couverts recyclables et serviettes inclus \u2013 pas besoin de penser \u00e0 tout, on s\u2019en charge !<\/em><\/p>\n<h3 class=\"\" data-start=\"1563\" data-end=\"1590\">\u2753 BESOINS PARTICULIERS<\/h3>\n<p class=\"\" data-start=\"1592\" data-end=\"1797\">La box est dispo en version adapt\u00e9e aux r\u00e9gimes sp\u00e9ciaux : v\u00e9g\u00e9tarien, sans porc, sans gluten\u2026 Il suffit de le pr\u00e9ciser \u00e0 la commande.<br data-start=\"1726\" data-end=\"1729\" \/><strong data-start=\"1729\" data-end=\"1797\">Le plaisir reste au rendez-vous, quelle que soit votre formule !<\/strong><\/p>\n<h3 class=\"\" data-start=\"1597\" data-end=\"1625\">\ud83d\udce6 FORMATS DISPONIBLES :<\/h3>\n<p>MAXI \u2013 56\u20ac<br \/>\nRepas principal pour 2 adultes gourmands<\/p>\n<p>MINI \u2013 32\u20ac<br \/>\nRepas complet pour 1 adulte<\/p>\n<p>BABY \u2013 16\u20ac<br \/>\nFormat adapt\u00e9 pour les enfants de 3 \u00e0 12 ans<\/p>\n<p>&nbsp;<\/p>\n","protected":false},"excerpt":{"rendered":"<p>Balade gourmande<\/p>\n","protected":false},"featured_media":5314,"template":"","meta":{"_et_pb_use_builder":"","_et_pb_old_content":"","_et_gb_content_width":""},"product_brand":[],"product_cat":[21],"product_tag":[],"class_list":{"0":"post-5313","1":"product","2":"type-product","3":"status-publish","4":"has-post-thumbnail","6":"product_cat-boites","8":"first","9":"instock","10":"shipping-taxable","11":"purchasable","12":"product-type-simple"},"_links":{"self":[{"href":"https:\/\/lesboitesdebobonne.com\/index.php\/wp-json\/wp\/v2\/product\/5313","targetHints":{"allow":["GET"]}}],"collection":[{"href":"https:\/\/lesboitesdebobonne.com\/index.php\/wp-json\/wp\/v2\/product"}],"about":[{"href":"https:\/\/lesboitesdebobonne.com\/index.php\/wp-json\/wp\/v2\/types\/product"}],"wp:featuredmedia":[{"embeddable":true,"href":"https:\/\/lesboitesdebobonne.com\/index.php\/wp-json\/wp\/v2\/media\/5314"}],"wp:attachment":[{"href":"https:\/\/lesboitesdebobonne.com\/index.php\/wp-json\/wp\/v2\/media?parent=5313"}],"wp:term":[{"taxonomy":"product_brand","embeddable":true,"href":"https:\/\/lesboitesdebobonne.com\/index.php\/wp-json\/wp\/v2\/product_brand?post=5313"},{"taxonomy":"product_cat","embeddable":true,"href":"https:\/\/lesboitesdebobonne.com\/index.php\/wp-json\/wp\/v2\/product_cat?post=5313"},{"taxonomy":"product_tag","embeddable":true,"href":"https:\/\/lesboitesdebobonne.com\/index.php\/wp-json\/wp\/v2\/product_tag?post=5313"}],"curies":[{"name":"wp","href":"https:\/\/api.w.org\/{rel}","templated":true}]}}