{"id":5293,"date":"2024-07-15T15:25:09","date_gmt":"2024-07-15T13:25:09","guid":{"rendered":"https:\/\/lesboitesdebobonne.com\/?post_type=product&#038;p=5293"},"modified":"2026-01-11T12:15:55","modified_gmt":"2026-01-11T11:15:55","slug":"bagels-mortels","status":"publish","type":"product","link":"https:\/\/lesboitesdebobonne.com\/index.php\/produit\/bagels-mortels\/","title":{"rendered":"Bagels mortels"},"content":{"rendered":"<p class=\"\" data-start=\"0\" data-end=\"85\">\ud83d\ude80 Pour vos r\u00e9unions familiales, meetings, formations ou lunch improvis\u00e9 au bureau \ud83e\udd56<\/p>\n<p class=\"\" data-start=\"87\" data-end=\"202\"><strong data-start=\"87\" data-end=\"202\">COLLECTION LUNCH TIME A PARTAGER<br \/>\nLIVRAISON GRATUITE AU BOULOT TOUTE LA SEMAINE (dans un rayon de 10 km autour de Virton)<\/strong><\/p>\n<p class=\"\" data-start=\"204\" data-end=\"374\"><strong data-start=\"204\" data-end=\"371\">RESERVEZ 24h \u00e0 l\u2019avance: appelle tes coll\u00e8gues pr\u00e9f\u00e9r\u00e9s (ou tes moins pr\u00e9f\u00e9r\u00e9s, mais bon, on ne juge pas) pour partager un lunch aussi savoureux que fait maison !<\/strong> \ud83d\ude0b<\/p>\n<p class=\"\" data-start=\"416\" data-end=\"468\">\ud83e\udd6f <strong data-start=\"419\" data-end=\"468\">Petit pain en forme d\u2019anneau, gros potentiel.<\/strong><\/p>\n<ul data-start=\"469\" data-end=\"889\">\n<li class=\"\" data-start=\"469\" data-end=\"579\">\n<p class=\"\" data-start=\"471\" data-end=\"579\">Se mange froid, ultra rapide, et la meilleure nouvelle : <strong data-start=\"528\" data-end=\"548\">pas de vaisselle<\/strong>. Si \u00e7a c\u2019est pas de la magie !<\/p>\n<\/li>\n<li class=\"\" data-start=\"580\" data-end=\"788\">\n<p class=\"\" data-start=\"582\" data-end=\"788\">Des aliments vari\u00e9s, frais et g\u00e9n\u00e9reux<\/p>\n<\/li>\n<li class=\"\" data-start=\"789\" data-end=\"889\">\n<p class=\"\" data-start=\"791\" data-end=\"889\"><strong data-start=\"791\" data-end=\"833\">Un bagel = un repas pour app\u00e9tit moyen<\/strong><\/p>\n<\/li>\n<\/ul>\n<h3 class=\"\" data-start=\"891\" data-end=\"928\"><strong data-start=\"895\" data-end=\"926\">SAVEURS<\/strong><\/h3>\n<p class=\"\" data-start=\"929\" data-end=\"1553\"><em data-start=\"929\" data-end=\"936\">Betty<\/em> : Poulet tendre, sauce BBQ, oignons r\u00f4tis et salade<br \/>\n<em data-start=\"1033\" data-end=\"1043\">B\u00e9r\u00e9nice<\/em> : Fromage de ch\u00e8vre, salade, noix, sauce au miel<br \/>\n<em data-start=\"1174\" data-end=\"1182\">Bianca<\/em> : Jambon fum\u00e9, mozzarella fondante, tomates cerise, roquette, parmesan et pesto<br \/>\n<em data-start=\"1301\" data-end=\"1311\">Blandine<\/em> : Saumon fum\u00e9, fromage frais, mozzarella, ciboulette et salade<\/p>\n<h3 class=\"\" data-start=\"1686\" data-end=\"1715\"><strong data-start=\"1690\" data-end=\"1713\">FORMATS<\/strong><\/h3>\n<p class=\"\" data-start=\"1716\" data-end=\"1825\">\u2022 <strong data-start=\"1718\" data-end=\"1740\">LA BOX DE 4 BAGELS<\/strong> | <strong data-start=\"1743\" data-end=\"1750\">34\u20ac<\/strong><br data-start=\"1750\" data-end=\"1753\" \/>Choisissez une vari\u00e9t\u00e9 parmi celles propos\u00e9es<\/p>\n<p class=\"\" data-start=\"1997\" data-end=\"2065\">Allez, appelez vite vos coll\u00e8gues, ils vont vous adorer pour \u00e7a ! \ud83d\ude0e<\/p>\n<p data-start=\"1997\" data-end=\"2065\"><strong><b>JE VOUS EXPLIQUE EN VID\u00c9O?<br \/>\n<\/b><\/strong><b><\/b><u><\/u><span class=\"x1xsqp64 xiy17q3 x1o6pynw x19co3pv xdj266r xcwd3tp xat24cr x39eecv x2b8uid\" data-testid=\"emoji\"><span class=\"xexx8yu xn5pp95 x18d9i69 x2fxd7x x3jgonx x1bhl96m\">\u2764\ufe0f<a href=\"https:\/\/www.instagram.com\/p\/DEXarW2IyCc\/\" target=\"_blank\" rel=\"noopener\">Bagels mortels<\/a><\/span><\/span><\/p>\n","protected":false},"excerpt":{"rendered":"<p>Bagels gourmands: la pause d\u00e9jeuner n&rsquo;a jamais \u00e9t\u00e9 aussi d\u00e9licieuse!<\/p>\n","protected":false},"featured_media":5294,"template":"","meta":{"_et_pb_use_builder":"","_et_pb_old_content":"","_et_gb_content_width":""},"product_brand":[],"product_cat":[21],"product_tag":[],"class_list":{"0":"post-5293","1":"product","2":"type-product","3":"status-publish","4":"has-post-thumbnail","6":"product_cat-boites","8":"first","9":"instock","10":"shipping-taxable","11":"purchasable","12":"product-type-simple"},"_links":{"self":[{"href":"https:\/\/lesboitesdebobonne.com\/index.php\/wp-json\/wp\/v2\/product\/5293","targetHints":{"allow":["GET"]}}],"collection":[{"href":"https:\/\/lesboitesdebobonne.com\/index.php\/wp-json\/wp\/v2\/product"}],"about":[{"href":"https:\/\/lesboitesdebobonne.com\/index.php\/wp-json\/wp\/v2\/types\/product"}],"wp:featuredmedia":[{"embeddable":true,"href":"https:\/\/lesboitesdebobonne.com\/index.php\/wp-json\/wp\/v2\/media\/5294"}],"wp:attachment":[{"href":"https:\/\/lesboitesdebobonne.com\/index.php\/wp-json\/wp\/v2\/media?parent=5293"}],"wp:term":[{"taxonomy":"product_brand","embeddable":true,"href":"https:\/\/lesboitesdebobonne.com\/index.php\/wp-json\/wp\/v2\/product_brand?post=5293"},{"taxonomy":"product_cat","embeddable":true,"href":"https:\/\/lesboitesdebobonne.com\/index.php\/wp-json\/wp\/v2\/product_cat?post=5293"},{"taxonomy":"product_tag","embeddable":true,"href":"https:\/\/lesboitesdebobonne.com\/index.php\/wp-json\/wp\/v2\/product_tag?post=5293"}],"curies":[{"name":"wp","href":"https:\/\/api.w.org\/{rel}","templated":true}]}}