{"id":5265,"date":"2024-07-12T17:08:56","date_gmt":"2024-07-12T15:08:56","guid":{"rendered":"https:\/\/lesboitesdebobonne.com\/?post_type=product&#038;p=5265"},"modified":"2026-01-11T12:42:37","modified_gmt":"2026-01-11T11:42:37","slug":"kids","status":"publish","type":"product","link":"https:\/\/lesboitesdebobonne.com\/index.php\/produit\/kids\/","title":{"rendered":"Kids"},"content":{"rendered":"<p>[et_pb_section fb_built=\u00a0\u00bb1&Prime; _builder_version=\u00a0\u00bb4.16&Prime; custom_padding=\u00a0\u00bb0px||||false|false\u00a0\u00bb da_disable_devices=\u00a0\u00bboff|off|off\u00a0\u00bb global_colors_info=\u00a0\u00bb{}\u00a0\u00bb da_is_popup=\u00a0\u00bboff\u00a0\u00bb da_exit_intent=\u00a0\u00bboff\u00a0\u00bb da_has_close=\u00a0\u00bbon\u00a0\u00bb da_alt_close=\u00a0\u00bboff\u00a0\u00bb da_dark_close=\u00a0\u00bboff\u00a0\u00bb da_not_modal=\u00a0\u00bbon\u00a0\u00bb da_is_singular=\u00a0\u00bboff\u00a0\u00bb da_with_loader=\u00a0\u00bboff\u00a0\u00bb da_has_shadow=\u00a0\u00bbon\u00a0\u00bb][et_pb_row _builder_version=\u00a0\u00bb4.16&Prime; background_size=\u00a0\u00bbinitial\u00a0\u00bb background_position=\u00a0\u00bbtop_left\u00a0\u00bb background_repeat=\u00a0\u00bbrepeat\u00a0\u00bb width=\u00a0\u00bb100%\u00a0\u00bb custom_padding=\u00a0\u00bb0px||0px||false|false\u00a0\u00bb global_colors_info=\u00a0\u00bb{}\u00a0\u00bb][et_pb_column type=\u00a0\u00bb4_4&Prime; _builder_version=\u00a0\u00bb4.16&Prime; custom_padding=\u00a0\u00bb|||\u00a0\u00bb global_colors_info=\u00a0\u00bb{}\u00a0\u00bb custom_padding__hover=\u00a0\u00bb|||\u00a0\u00bb][et_pb_wc_breadcrumb _builder_version=\u00a0\u00bb4.16&Prime; global_colors_info=\u00a0\u00bb{}\u00a0\u00bb][\/et_pb_wc_breadcrumb][et_pb_wc_cart_notice _builder_version=\u00a0\u00bb4.16&Prime; global_colors_info=\u00a0\u00bb{}\u00a0\u00bb][\/et_pb_wc_cart_notice][\/et_pb_column][\/et_pb_row][et_pb_row column_structure=\u00a0\u00bb1_2,1_2&Prime; _builder_version=\u00a0\u00bb4.16&Prime; background_size=\u00a0\u00bbinitial\u00a0\u00bb background_position=\u00a0\u00bbtop_left\u00a0\u00bb background_repeat=\u00a0\u00bbrepeat\u00a0\u00bb width=\u00a0\u00bb100%\u00a0\u00bb custom_padding=\u00a0\u00bb0px||||false|false\u00a0\u00bb global_colors_info=\u00a0\u00bb{}\u00a0\u00bb][et_pb_column type=\u00a0\u00bb1_2&Prime; _builder_version=\u00a0\u00bb4.16&Prime; custom_padding=\u00a0\u00bb|||\u00a0\u00bb global_colors_info=\u00a0\u00bb{}\u00a0\u00bb custom_padding__hover=\u00a0\u00bb|||\u00a0\u00bb][et_pb_wc_images _builder_version=\u00a0\u00bb4.16&Prime; global_colors_info=\u00a0\u00bb{}\u00a0\u00bb][\/et_pb_wc_images][\/et_pb_column][et_pb_column type=\u00a0\u00bb1_2&Prime; _builder_version=\u00a0\u00bb4.16&Prime; custom_padding=\u00a0\u00bb|||\u00a0\u00bb global_colors_info=\u00a0\u00bb{}\u00a0\u00bb custom_padding__hover=\u00a0\u00bb|||\u00a0\u00bb][et_pb_wc_title _builder_version=\u00a0\u00bb4.16&Prime; global_colors_info=\u00a0\u00bb{}\u00a0\u00bb][\/et_pb_wc_title][et_pb_wc_rating _builder_version=\u00a0\u00bb4.16&Prime; global_colors_info=\u00a0\u00bb{}\u00a0\u00bb][\/et_pb_wc_rating][et_pb_wc_price _builder_version=\u00a0\u00bb4.16&Prime; global_colors_info=\u00a0\u00bb{}\u00a0\u00bb][\/et_pb_wc_price][et_pb_wc_description _builder_version=\u00a0\u00bb4.16&Prime; global_colors_info=\u00a0\u00bb{}\u00a0\u00bb][\/et_pb_wc_description][et_pb_wc_add_to_cart _builder_version=\u00a0\u00bb4.16&Prime; global_colors_info=\u00a0\u00bb{}\u00a0\u00bb][\/et_pb_wc_add_to_cart][et_pb_wc_meta _builder_version=\u00a0\u00bb4.16&Prime; global_colors_info=\u00a0\u00bb{}\u00a0\u00bb][\/et_pb_wc_meta][\/et_pb_column][\/et_pb_row][et_pb_row _builder_version=\u00a0\u00bb4.16&Prime; background_size=\u00a0\u00bbinitial\u00a0\u00bb background_position=\u00a0\u00bbtop_left\u00a0\u00bb background_repeat=\u00a0\u00bbrepeat\u00a0\u00bb width=\u00a0\u00bb100%\u00a0\u00bb global_colors_info=\u00a0\u00bb{}\u00a0\u00bb][et_pb_column type=\u00a0\u00bb4_4&Prime; _builder_version=\u00a0\u00bb4.16&Prime; custom_padding=\u00a0\u00bb|||\u00a0\u00bb global_colors_info=\u00a0\u00bb{}\u00a0\u00bb custom_padding__hover=\u00a0\u00bb|||\u00a0\u00bb][et_pb_wc_tabs _builder_version=\u00a0\u00bb4.16&Prime; hover_enabled=\u00a0\u00bb0&Prime; global_colors_info=\u00a0\u00bb{}\u00a0\u00bb sticky_enabled=\u00a0\u00bb0&Prime;]\t\t\t\t\t[\/et_pb_wc_tabs][et_pb_wc_upsells _builder_version=\u00a0\u00bb4.16&Prime; global_colors_info=\u00a0\u00bb{}\u00a0\u00bb][\/et_pb_wc_upsells][et_pb_wc_related_products _builder_version=\u00a0\u00bb4.16&Prime; global_colors_info=\u00a0\u00bb{}\u00a0\u00bb][\/et_pb_wc_related_products][\/et_pb_column][\/et_pb_row][\/et_pb_section]<\/p>\n","protected":false},"excerpt":{"rendered":"<p>On g\u00e2te les petits monstres!<\/p>\n","protected":false},"featured_media":5691,"template":"","meta":{"_et_pb_use_builder":"on","_et_pb_old_content":"<p class=\"\" data-start=\"0\" data-end=\"88\"><span class=\"relative -mx-px my-[-0.2rem] rounded px-px py-[0.2rem]\">\ud83d\udc66 <strong data-start=\"3\" data-end=\"73\">La Box Kids \u2013 Un festin taill\u00e9 sur mesure pour les petits gourmets<\/strong> \ud83c\udf6d<\/span>\u200b<\/p>\r\n<p class=\"\" data-start=\"90\" data-end=\"209\"><span class=\"relative -mx-px my-[-0.2rem] rounded px-px py-[0.2rem]\">Parce que nos ch\u00e9rubins m\u00e9ritent le meilleur, la box Kids est sp\u00e9cialement con\u00e7ue pour leurs petites mains et grands app\u00e9tits.<\/span>\r\n<span class=\"relative -mx-px my-[-0.2rem] rounded px-px py-[0.2rem]\">Id\u00e9ale pour un go\u00fbter, un pique-nique ou simplement pour faire plaisir, elle ravira les palais en herbe avec des saveurs adapt\u00e9es et des portions pens\u00e9es pour eux.<\/span><\/p>\r\nTOUTES LES BOXES ADULTES PEUVENT \u00caTRE DECLINEES EN KIDS\u200b\r\n<p class=\"\" data-start=\"211\" data-end=\"330\"><span class=\"relative -mx-px my-[-0.2rem] rounded px-px py-[0.2rem]\">\ud83d\ude0d La composition de la box varie selon les saisons et l'inspiration de cheffe Bobonnette.<\/span><\/p>\r\n<span class=\"relative -mx-px my-[-0.2rem] rounded px-px py-[0.2rem]\">Voici quelques exemples de d\u00e9lices que vos enfants pourraient y d\u00e9couvrir :<\/span>\u200b\r\n<p class=\"\" data-start=\"332\" data-end=\"354\"><strong data-start=\"332\" data-end=\"354\">Douceurs sucr\u00e9es :<\/strong><\/p>\r\n\r\n<ul data-start=\"355\" data-end=\"1142\">\r\n \t<li class=\"\" data-start=\"355\" data-end=\"438\">\r\n<p class=\"\" data-start=\"357\" data-end=\"438\"><span class=\"relative -mx-px my-[-0.2rem] rounded px-px py-[0.2rem]\">Yaourt cr\u00e9meux accompagn\u00e9 de granola aux M&amp;Ms croquants<\/span>\u200b<\/p>\r\n<\/li>\r\n \t<li class=\"\" data-start=\"439\" data-end=\"526\">\r\n<p class=\"\" data-start=\"441\" data-end=\"526\"><span class=\"relative -mx-px my-[-0.2rem] rounded px-px py-[0.2rem]\">Fruits frais de saison, d\u00e9coup\u00e9s en formes amusantes<\/span>\u200b<\/p>\r\n<\/li>\r\n \t<li class=\"\" data-start=\"527\" data-end=\"614\">\r\n<p class=\"\" data-start=\"529\" data-end=\"614\"><span class=\"relative -mx-px my-[-0.2rem] rounded px-px py-[0.2rem]\">Brioche perdue l\u00e9g\u00e8rement sucr\u00e9e<\/span>\u200b<\/p>\r\n<\/li>\r\n \t<li class=\"\" data-start=\"615\" data-end=\"702\">\r\n<p class=\"\" data-start=\"617\" data-end=\"702\"><span class=\"relative -mx-px my-[-0.2rem] rounded px-px py-[0.2rem]\">Muffins moelleux aux p\u00e9pites de chocolat<\/span>\u200b<\/p>\r\n<\/li>\r\n \t<li class=\"\" data-start=\"703\" data-end=\"790\">\r\n<p class=\"\" data-start=\"705\" data-end=\"790\"><span class=\"relative -mx-px my-[-0.2rem] rounded px-px py-[0.2rem]\">Cookies gourmands aux smarties color\u00e9s<\/span>\u200b<\/p>\r\n<\/li>\r\n \t<li class=\"\" data-start=\"791\" data-end=\"878\">\r\n<p class=\"\" data-start=\"793\" data-end=\"878\"><span class=\"relative -mx-px my-[-0.2rem] rounded px-px py-[0.2rem]\">Pancakes miniatures avec sirop d'\u00e9rable<\/span><\/p>\r\n<\/li>\r\n \t<li class=\"\" data-start=\"879\" data-end=\"966\">\r\n<p class=\"\" data-start=\"881\" data-end=\"966\"><span class=\"relative -mx-px my-[-0.2rem] rounded px-px py-[0.2rem]\">Biscuits sabl\u00e9s en formes ludiques<\/span>\u200b<\/p>\r\n<\/li>\r\n \t<li class=\"\" data-start=\"967\" data-end=\"1054\">\r\n<p class=\"\" data-start=\"969\" data-end=\"1054\"><span class=\"relative -mx-px my-[-0.2rem] rounded px-px py-[0.2rem]\">Brownies fondants au chocolat<\/span>\u200b<\/p>\r\n<\/li>\r\n \t<li class=\"\" data-start=\"1055\" data-end=\"1142\">\r\n<p class=\"\" data-start=\"1057\" data-end=\"1142\"><span class=\"relative -mx-px my-[-0.2rem] rounded px-px py-[0.2rem]\">Banana cake parfum\u00e9<\/span>\u200b<\/p>\r\n<\/li>\r\n<\/ul>\r\n<p class=\"\" data-start=\"1144\" data-end=\"1163\"><strong data-start=\"1144\" data-end=\"1163\">D\u00e9lices sal\u00e9s :<\/strong><\/p>\r\n\r\n<ul data-start=\"1164\" data-end=\"1515\">\r\n \t<li class=\"\" data-start=\"1164\" data-end=\"1251\">\r\n<p class=\"\" data-start=\"1166\" data-end=\"1251\"><span class=\"relative -mx-px my-[-0.2rem] rounded px-px py-[0.2rem]\">Brochettes de l\u00e9gumes croquants<\/span>\u200b<\/p>\r\n<\/li>\r\n \t<li class=\"\" data-start=\"1252\" data-end=\"1339\">\r\n<p class=\"\" data-start=\"1254\" data-end=\"1339\"><span class=\"relative -mx-px my-[-0.2rem] rounded px-px py-[0.2rem]\">Pilon de poulet r\u00f4ti aux herbes<\/span>\u200b<\/p>\r\n<\/li>\r\n \t<li class=\"\" data-start=\"1340\" data-end=\"1427\">\r\n<p class=\"\" data-start=\"1342\" data-end=\"1427\"><span class=\"relative -mx-px my-[-0.2rem] rounded px-px py-[0.2rem]\">Mini quiches jambon-fromage<\/span>\u200b<\/p>\r\n<\/li>\r\n \t<li class=\"\" data-start=\"1428\" data-end=\"1515\">\r\n<p class=\"\" data-start=\"1430\" data-end=\"1515\"><span class=\"relative -mx-px my-[-0.2rem] rounded px-px py-[0.2rem]\">Mini pizzas margherita<\/span><\/p>\r\n<\/li>\r\n<\/ul>\r\n<p class=\"\" data-start=\"1517\" data-end=\"1682\"><span class=\"relative -mx-px my-[-0.2rem] rounded px-px py-[0.2rem]\">\u2753 Chaque box est une surprise, mais une chose est certaine : tout est pr\u00e9par\u00e9 avec amour et adapt\u00e9 aux go\u00fbts des enfants.\r\n<\/span>\r\n<span class=\"relative -mx-px my-[-0.2rem] rounded px-px py-[0.2rem]\">Des options pour r\u00e9gimes sp\u00e9ciaux sont disponibles sur demande.<\/span> <span class=\"relative -mx-px my-[-0.2rem] rounded px-px py-[0.2rem]\">La box peut \u00e9galement \u00eatre d\u00e9clin\u00e9e en version uniquement sal\u00e9e.<\/span>\u200b<\/p>\r\n<p class=\"\" data-start=\"1684\" data-end=\"1710\"><strong data-start=\"1684\" data-end=\"1710\">\ud83d\udce6 Format disponible :<\/strong><\/p>\r\n\r\n<ul data-start=\"1711\" data-end=\"1817\">\r\n \t<li class=\"\" data-start=\"1711\" data-end=\"1817\">\r\n<p class=\"\" data-start=\"1713\" data-end=\"1727\"><strong data-start=\"1713\" data-end=\"1721\">KIDS<\/strong> \u2013 16\u20ac<\/p>\r\n\r\n<ul data-start=\"1730\" data-end=\"1817\">\r\n \t<li class=\"\" data-start=\"1730\" data-end=\"1817\">\r\n<p class=\"\" data-start=\"1732\" data-end=\"1817\"><span class=\"relative -mx-px my-[-0.2rem] rounded px-px py-[0.2rem]\">Repas complet pour les enfants de 3 \u00e0 12 ans<\/span>\u200b<\/p>\r\n<\/li>\r\n<\/ul>\r\n<\/li>\r\n<\/ul>\r\n<p class=\"\" data-start=\"1819\" data-end=\"1916\">Offrez \u00e0 vos enfants une exp\u00e9rience culinaire ludique et savoureuse avec la Box Kids de Bobonne !<\/p>\r\n<strong><b>JE VOUS EXPLIQUE EN VID\u00c9O?\r\n<\/b><\/strong><a href=\"https:\/\/youtu.be\/1uSA5rxB5t4?si=cx_DAf7Ev2SQxu_V\"><u>\ud83d\udc67Les boxes pour enfants<\/u><\/a><u><\/u>\r\n\r\n&nbsp;","_et_gb_content_width":""},"product_brand":[],"product_cat":[21],"product_tag":[],"class_list":{"0":"post-5265","1":"product","2":"type-product","3":"status-publish","4":"has-post-thumbnail","6":"product_cat-boites","8":"first","9":"instock","10":"shipping-taxable","11":"purchasable","12":"product-type-simple"},"_links":{"self":[{"href":"https:\/\/lesboitesdebobonne.com\/index.php\/wp-json\/wp\/v2\/product\/5265","targetHints":{"allow":["GET"]}}],"collection":[{"href":"https:\/\/lesboitesdebobonne.com\/index.php\/wp-json\/wp\/v2\/product"}],"about":[{"href":"https:\/\/lesboitesdebobonne.com\/index.php\/wp-json\/wp\/v2\/types\/product"}],"wp:featuredmedia":[{"embeddable":true,"href":"https:\/\/lesboitesdebobonne.com\/index.php\/wp-json\/wp\/v2\/media\/5691"}],"wp:attachment":[{"href":"https:\/\/lesboitesdebobonne.com\/index.php\/wp-json\/wp\/v2\/media?parent=5265"}],"wp:term":[{"taxonomy":"product_brand","embeddable":true,"href":"https:\/\/lesboitesdebobonne.com\/index.php\/wp-json\/wp\/v2\/product_brand?post=5265"},{"taxonomy":"product_cat","embeddable":true,"href":"https:\/\/lesboitesdebobonne.com\/index.php\/wp-json\/wp\/v2\/product_cat?post=5265"},{"taxonomy":"product_tag","embeddable":true,"href":"https:\/\/lesboitesdebobonne.com\/index.php\/wp-json\/wp\/v2\/product_tag?post=5265"}],"curies":[{"name":"wp","href":"https:\/\/api.w.org\/{rel}","templated":true}]}}