{"id":4665,"date":"2024-01-12T18:43:32","date_gmt":"2024-01-12T17:43:32","guid":{"rendered":"https:\/\/lesboitesdebobonne.com\/?post_type=product&#038;p=4665"},"modified":"2026-01-11T12:26:36","modified_gmt":"2026-01-11T11:26:36","slug":"boite-brunch-francais","status":"publish","type":"product","link":"https:\/\/lesboitesdebobonne.com\/index.php\/produit\/boite-brunch-francais\/","title":{"rendered":"Brunch fran\u00e7ais"},"content":{"rendered":"<p><strong data-start=\"4\" data-end=\"78\"><span class=\"x1xsqp64 xiy17q3 x1o6pynw x19co3pv xdj266r xcwd3tp xat24cr x39eecv x2b8uid\" data-testid=\"emoji\"><span class=\"xexx8yu xn5pp95 x18d9i69 x2fxd7x x3jgonx x1bhl96m\">\ud83e\udd50<\/span><\/span>La box brunch \u00e0 la fran\u00e7aise \u2013 D\u00e9gustez le brunch chic \u00e0 la parisienne<\/strong><br data-start=\"78\" data-end=\"81\" \/>Un brunch raffin\u00e9, inspir\u00e9 de la tradition parisienne, \u00e0 savourer en famille ou entre amis!<\/p>\n<p class=\"\" data-start=\"175\" data-end=\"393\">\ud83d\ude0d La composition varie selon les saisons et l&rsquo;inspiration de cheffe Bobonnette (attendez-vous \u00e0 des surprises gourmandes \ud83d\ude04)<br data-start=\"300\" data-end=\"303\" \/>Mais une chose est certaine : c&rsquo;est toujours fait maison, soign\u00e9 et d\u00e9licieux \u00e0 souhait \ud83d\udc9b<\/p>\n<h3 class=\"\" data-start=\"584\" data-end=\"652\">\ud83e\uddc0\u00a0<strong data-start=\"591\" data-end=\"650\">Exemples de bouch\u00e9es \u00e0 retrouver dans votre brunch fran\u00e7ais:<\/strong><\/h3>\n<ul data-start=\"474\" data-end=\"1685\">\n<li class=\"\" data-start=\"474\" data-end=\"557\">\n<p class=\"\" data-start=\"476\" data-end=\"557\"><span class=\"relative -mx-px my-[-0.2rem] rounded px-px py-[0.2rem]\">Croque chic au canard<\/span>\u200b<\/p>\n<\/li>\n<li class=\"\" data-start=\"558\" data-end=\"641\">\n<p class=\"\" data-start=\"560\" data-end=\"641\"><span class=\"relative -mx-px my-[-0.2rem] rounded px-px py-[0.2rem]\">Toast aux champignons de Paris<\/span>\u200b<\/p>\n<\/li>\n<li class=\"\" data-start=\"642\" data-end=\"725\">\n<p class=\"\" data-start=\"644\" data-end=\"725\"><span class=\"relative -mx-px my-[-0.2rem] rounded px-px py-[0.2rem]\">Omelette aux lardons &amp; fromage<\/span>\u200b<\/p>\n<\/li>\n<li class=\"\" data-start=\"726\" data-end=\"809\">\n<p class=\"\" data-start=\"728\" data-end=\"809\"><span class=\"relative -mx-px my-[-0.2rem] rounded px-px py-[0.2rem]\">Chouquettes<\/span>\u200b<\/p>\n<\/li>\n<li class=\"\" data-start=\"810\" data-end=\"893\">\n<p class=\"\" data-start=\"812\" data-end=\"893\"><span class=\"relative -mx-px my-[-0.2rem] rounded px-px py-[0.2rem]\">Croissants<\/span>\u200b<\/p>\n<\/li>\n<li class=\"\" data-start=\"894\" data-end=\"981\">\n<p class=\"\" data-start=\"896\" data-end=\"981\"><span class=\"relative -mx-px my-[-0.2rem] rounded px-px py-[0.2rem]\">Confiture maison<\/span>\u200b<\/p>\n<\/li>\n<li class=\"\" data-start=\"982\" data-end=\"1069\">\n<p class=\"\" data-start=\"984\" data-end=\"1069\"><span class=\"relative -mx-px my-[-0.2rem] rounded px-px py-[0.2rem]\">Macarons<\/span>\u200b<\/p>\n<\/li>\n<li class=\"\" data-start=\"1070\" data-end=\"1157\">\n<p class=\"\" data-start=\"1072\" data-end=\"1157\"><span class=\"relative -mx-px my-[-0.2rem] rounded px-px py-[0.2rem]\">Velout\u00e9 de tata Germaine<\/span><\/p>\n<\/li>\n<li class=\"\" data-start=\"1158\" data-end=\"1245\">\n<p class=\"\" data-start=\"1160\" data-end=\"1245\"><span class=\"relative -mx-px my-[-0.2rem] rounded px-px py-[0.2rem]\">Saucisson de Paris<\/span>\u200b<\/p>\n<\/li>\n<li class=\"\" data-start=\"1246\" data-end=\"1333\">\n<p class=\"\" data-start=\"1248\" data-end=\"1333\"><span class=\"relative -mx-px my-[-0.2rem] rounded px-px py-[0.2rem]\">Mini tarte sal\u00e9e \u00e0 la truffe<\/span>\u200b<\/p>\n<\/li>\n<li class=\"\" data-start=\"1334\" data-end=\"1421\">\n<p class=\"\" data-start=\"1336\" data-end=\"1421\"><span class=\"relative -mx-px my-[-0.2rem] rounded px-px py-[0.2rem]\">Mini quiche Lorraine<\/span>\u200b<\/p>\n<\/li>\n<li class=\"\" data-start=\"1422\" data-end=\"1509\">\n<p class=\"\" data-start=\"1424\" data-end=\"1509\"><span class=\"relative -mx-px my-[-0.2rem] rounded px-px py-[0.2rem]\">Camembert<\/span><\/p>\n<\/li>\n<li class=\"\" data-start=\"1510\" data-end=\"1597\">\n<p class=\"\" data-start=\"1512\" data-end=\"1597\"><span class=\"relative -mx-px my-[-0.2rem] rounded px-px py-[0.2rem]\">Yaourt &amp; granola au miel<\/span><\/p>\n<\/li>\n<li class=\"\" data-start=\"1598\" data-end=\"1685\">\n<p class=\"\" data-start=\"1600\" data-end=\"1685\"><span class=\"relative -mx-px my-[-0.2rem] rounded px-px py-[0.2rem]\">Brioche aux amandes<br \/>\n<\/span>\u200b<\/p>\n<\/li>\n<\/ul>\n<p class=\"\" data-start=\"1818\" data-end=\"1910\">\ud83c\udf31 Disponible en version adapt\u00e9e pour les r\u00e9gimes particuliers &amp; v\u00e9g\u00e9tariens, contactez-moi.<\/p>\n<h3 data-start=\"584\" data-end=\"652\"><\/h3>\n<h3 class=\"\" data-start=\"584\" data-end=\"652\"><strong data-start=\"591\" data-end=\"650\">\ud83d\udce6Formats disponibles<\/strong><\/h3>\n<ul data-start=\"1939\" data-end=\"2200\">\n<li class=\"\" data-start=\"1939\" data-end=\"2046\">\n<p class=\"\" data-start=\"1941\" data-end=\"2046\"><strong data-start=\"1941\" data-end=\"1949\">MAXI<\/strong> \u2013 56\u20ac<br data-start=\"1955\" data-end=\"1958\" \/>\ud83d\udc49 Repas principal pour 2\u00a0 adultes gourmands<\/p>\n<\/li>\n<li class=\"\" data-start=\"2048\" data-end=\"2130\">\n<p class=\"\" data-start=\"2050\" data-end=\"2130\"><strong data-start=\"2050\" data-end=\"2058\">MINI<\/strong> \u2013 32\u20ac<br data-start=\"2064\" data-end=\"2067\" \/>\ud83d\udc49 Repas complet pour 1 adulte<\/p>\n<\/li>\n<li class=\"\" data-start=\"2132\" data-end=\"2200\">\n<p class=\"\" data-start=\"2134\" data-end=\"2200\"><strong data-start=\"2134\" data-end=\"2142\">BABY<\/strong> \u2013 16\u20ac<br data-start=\"2148\" data-end=\"2151\" \/>\ud83d\udc49 Format adapt\u00e9 pour un enfant de 3 \u00e0 12 ans<\/p>\n<p><strong><b>JE VOUS EXPLIQUE EN VID\u00c9O?<br \/>\n<\/b><\/strong><b><\/b><a href=\"https:\/\/youtube.com\/shorts\/C4aSzhhwjE4?si=gjistVGJeGdAN_dl\" target=\"_blank\" rel=\"noopener\">\u2764\ufe0fLe brunch fran\u00e7ais<\/a><\/li>\n<\/ul>\n","protected":false},"excerpt":{"rendered":"<p>Le frenchie, ch\u00e9ri(e)!<\/p>\n","protected":false},"featured_media":5268,"template":"","meta":{"_et_pb_use_builder":"","_et_pb_old_content":"","_et_gb_content_width":""},"product_brand":[],"product_cat":[21],"product_tag":[],"class_list":{"0":"post-4665","1":"product","2":"type-product","3":"status-publish","4":"has-post-thumbnail","6":"product_cat-boites","8":"first","9":"instock","10":"shipping-taxable","11":"purchasable","12":"product-type-simple"},"_links":{"self":[{"href":"https:\/\/lesboitesdebobonne.com\/index.php\/wp-json\/wp\/v2\/product\/4665","targetHints":{"allow":["GET"]}}],"collection":[{"href":"https:\/\/lesboitesdebobonne.com\/index.php\/wp-json\/wp\/v2\/product"}],"about":[{"href":"https:\/\/lesboitesdebobonne.com\/index.php\/wp-json\/wp\/v2\/types\/product"}],"wp:featuredmedia":[{"embeddable":true,"href":"https:\/\/lesboitesdebobonne.com\/index.php\/wp-json\/wp\/v2\/media\/5268"}],"wp:attachment":[{"href":"https:\/\/lesboitesdebobonne.com\/index.php\/wp-json\/wp\/v2\/media?parent=4665"}],"wp:term":[{"taxonomy":"product_brand","embeddable":true,"href":"https:\/\/lesboitesdebobonne.com\/index.php\/wp-json\/wp\/v2\/product_brand?post=4665"},{"taxonomy":"product_cat","embeddable":true,"href":"https:\/\/lesboitesdebobonne.com\/index.php\/wp-json\/wp\/v2\/product_cat?post=4665"},{"taxonomy":"product_tag","embeddable":true,"href":"https:\/\/lesboitesdebobonne.com\/index.php\/wp-json\/wp\/v2\/product_tag?post=4665"}],"curies":[{"name":"wp","href":"https:\/\/api.w.org\/{rel}","templated":true}]}}