{"id":4534,"date":"2024-01-09T14:34:59","date_gmt":"2024-01-09T13:34:59","guid":{"rendered":"https:\/\/lesboitesdebobonne.com\/?post_type=product&#038;p=4534"},"modified":"2026-01-11T12:27:29","modified_gmt":"2026-01-11T11:27:29","slug":"box-cinema","status":"publish","type":"product","link":"https:\/\/lesboitesdebobonne.com\/index.php\/produit\/box-cinema\/","title":{"rendered":"Gourmandises sucr\u00e9es"},"content":{"rendered":"<p class=\"\" data-start=\"0\" data-end=\"88\"><span class=\"relative -mx-px my-[-0.2rem] rounded px-px py-[0.2rem]\">\ud83c\udf70 <strong data-start=\"3\" data-end=\"81\">La bo\u00eete \u00e0 gourmandises sucr\u00e9es \u2013 D\u00e9lices sucr\u00e9s pour les palais exigeants<\/strong> \ud83c\udf6a<\/span>\u200b<\/p>\n<p class=\"\" data-start=\"90\" data-end=\"171\"><span class=\"relative -mx-px my-[-0.2rem] rounded px-px py-[0.2rem]\">Offrez-vous une pause douceur avec notre bo\u00eete \u00e0 gourmandises sucr\u00e9es, un assortiment irr\u00e9sistible de d\u00e9lices faits maison, parfaits pour un go\u00fbter entre amis ou pour satisfaire les becs sucr\u00e9s en qu\u00eate de nouvelles saveurs.<\/span>\u200b<\/p>\n<p class=\"\" data-start=\"173\" data-end=\"254\"><span class=\"relative -mx-px my-[-0.2rem] rounded px-px py-[0.2rem]\">\ud83d\ude0d <strong data-start=\"3\" data-end=\"85\" data-is-last-node=\"\">Une s\u00e9lection surprise selon les saisons et l&rsquo;inspiration de cheffe Bobonnette<\/strong><\/span>\u200b<\/p>\n<p class=\"\" data-start=\"256\" data-end=\"406\"><span class=\"relative -mx-px my-[-0.2rem] rounded px-px py-[0.2rem]\">La composition de votre bo\u00eete varie en fonction des saisons et de l&rsquo;humeur cr\u00e9ative de cheffe Bobonnette.<\/span><br \/>\nVoici quelques exemples des douceurs que vous pourriez y d\u00e9couvrir :\u200b<\/p>\n<ul data-start=\"408\" data-end=\"1547\">\n<li class=\"\" data-start=\"408\" data-end=\"491\">\n<p class=\"\" data-start=\"410\" data-end=\"491\"><span class=\"relative -mx-px my-[-0.2rem] rounded px-px py-[0.2rem]\">Yaourt &amp; granola croquant<\/span>\u200b<\/p>\n<\/li>\n<li class=\"\" data-start=\"492\" data-end=\"579\">\n<p class=\"\" data-start=\"494\" data-end=\"579\"><span class=\"relative -mx-px my-[-0.2rem] rounded px-px py-[0.2rem]\">Fruits frais de saison juteux<\/span>\u200b<\/p>\n<\/li>\n<li class=\"\" data-start=\"580\" data-end=\"667\">\n<p class=\"\" data-start=\"582\" data-end=\"667\"><span class=\"relative -mx-px my-[-0.2rem] rounded px-px py-[0.2rem]\">Brioche perdue dor\u00e9e \u00e0 souhait<\/span>\u200b<\/p>\n<\/li>\n<li class=\"\" data-start=\"668\" data-end=\"755\">\n<p class=\"\" data-start=\"670\" data-end=\"755\"><span class=\"relative -mx-px my-[-0.2rem] rounded px-px py-[0.2rem]\">Muffins moelleux aux saveurs vari\u00e9es<\/span>\u200b<\/p>\n<\/li>\n<li class=\"\" data-start=\"756\" data-end=\"843\">\n<p class=\"\" data-start=\"758\" data-end=\"843\"><span class=\"relative -mx-px my-[-0.2rem] rounded px-px py-[0.2rem]\">Cookies crousti-fondants<\/span>\u200b<\/p>\n<\/li>\n<li class=\"\" data-start=\"844\" data-end=\"931\">\n<p class=\"\" data-start=\"846\" data-end=\"931\"><span class=\"relative -mx-px my-[-0.2rem] rounded px-px py-[0.2rem]\">Pancakes accompagn\u00e9s de toppings gourmands<\/span>\u200b<\/p>\n<\/li>\n<li class=\"\" data-start=\"932\" data-end=\"1019\">\n<p class=\"\" data-start=\"934\" data-end=\"1019\"><span class=\"relative -mx-px my-[-0.2rem] rounded px-px py-[0.2rem]\">Petites bombes truffes chocolat\u00e9es<\/span>\u200b<\/p>\n<\/li>\n<li class=\"\" data-start=\"1020\" data-end=\"1107\">\n<p class=\"\" data-start=\"1022\" data-end=\"1107\"><span class=\"relative -mx-px my-[-0.2rem] rounded px-px py-[0.2rem]\">Cannel\u00e9s caram\u00e9lis\u00e9s<\/span>\u200b<\/p>\n<\/li>\n<li class=\"\" data-start=\"1108\" data-end=\"1195\">\n<p class=\"\" data-start=\"1110\" data-end=\"1195\"><span class=\"relative -mx-px my-[-0.2rem] rounded px-px py-[0.2rem]\">Biscuits sabl\u00e9s d\u00e9licats<\/span>\u200b<\/p>\n<\/li>\n<li class=\"\" data-start=\"1196\" data-end=\"1283\">\n<p class=\"\" data-start=\"1198\" data-end=\"1283\"><span class=\"relative -mx-px my-[-0.2rem] rounded px-px py-[0.2rem]\">Brownies intens\u00e9ment chocolat\u00e9s<\/span>\u200b<\/p>\n<\/li>\n<li class=\"\" data-start=\"1284\" data-end=\"1371\">\n<p class=\"\" data-start=\"1286\" data-end=\"1371\"><span class=\"relative -mx-px my-[-0.2rem] rounded px-px py-[0.2rem]\">Banana cake parfum\u00e9<\/span>\u200b<\/p>\n<\/li>\n<li class=\"\" data-start=\"1372\" data-end=\"1459\">\n<p class=\"\" data-start=\"1374\" data-end=\"1459\"><span class=\"relative -mx-px my-[-0.2rem] rounded px-px py-[0.2rem]\">Moelleux au chocolat fondant<\/span>\u200b<\/p>\n<\/li>\n<li class=\"\" data-start=\"1460\" data-end=\"1547\">\n<p class=\"\" data-start=\"1462\" data-end=\"1547\"><span class=\"relative -mx-px my-[-0.2rem] rounded px-px py-[0.2rem]\">Donuts glac\u00e9s et color\u00e9s<\/span>\u200b<\/p>\n<\/li>\n<\/ul>\n<p class=\"\" data-start=\"1549\" data-end=\"1634\"><span class=\"relative -mx-px my-[-0.2rem] rounded px-px py-[0.2rem]\">\u2753 <strong data-start=\"2\" data-end=\"31\" data-is-last-node=\"\">Laissez-vous surprendre !<\/strong><\/span>\u200b<\/p>\n<p class=\"\" data-start=\"1636\" data-end=\"1721\"><span class=\"relative -mx-px my-[-0.2rem] rounded px-px py-[0.2rem]\">Le contenu exact de votre bo\u00eete reste un myst\u00e8re jusqu&rsquo;\u00e0 l&rsquo;ouverture, mais une chose est certaine : chaque bouch\u00e9e sera un v\u00e9ritable d\u00e9lice, pr\u00e9par\u00e9 avec amour et savoir-faire.<\/span>\u200b<\/p>\n<h3 data-start=\"1930\" data-end=\"2015\"><span class=\"relative -mx-px my-[-0.2rem] rounded px-px py-[0.2rem]\">\ud83d\udce6 <strong data-start=\"3\" data-end=\"26\" data-is-last-node=\"\">FORMATS<\/strong><\/span>\u200b<\/h3>\n<ul data-start=\"2017\" data-end=\"2339\">\n<li class=\"\" data-start=\"2017\" data-end=\"2123\">\n<p class=\"\" data-start=\"2019\" data-end=\"2033\"><strong data-start=\"2019\" data-end=\"2033\">MAXI \u2013 56\u20ac<\/strong><\/p>\n<ul data-start=\"2036\" data-end=\"2123\">\n<li class=\"\" data-start=\"2036\" data-end=\"2123\">\n<p class=\"\" data-start=\"2038\" data-end=\"2123\"><span class=\"relative -mx-px my-[-0.2rem] rounded px-px py-[0.2rem]\">Id\u00e9al pour un go\u00fbter copieux partag\u00e9 entre 4 \u00e0 6 personnes, ou pour combler 2 \u00e0 3 amateurs de douceurs en qu\u00eate d&rsquo;une exp\u00e9rience sucr\u00e9e inoubliable.<\/span>\u200b<\/p>\n<\/li>\n<\/ul>\n<\/li>\n<li class=\"\" data-start=\"2125\" data-end=\"2231\">\n<p class=\"\" data-start=\"2127\" data-end=\"2141\"><strong data-start=\"2127\" data-end=\"2141\">MINI \u2013 32\u20ac<\/strong><\/p>\n<ul data-start=\"2144\" data-end=\"2231\">\n<li class=\"\" data-start=\"2144\" data-end=\"2231\">\n<p class=\"\" data-start=\"2146\" data-end=\"2231\"><span class=\"relative -mx-px my-[-0.2rem] rounded px-px py-[0.2rem]\">Parfait pour un moment de gourmandise en solo ou pour une d\u00e9gustation l\u00e9g\u00e8re \u00e0 deux.<\/span>\u200b<\/p>\n<\/li>\n<\/ul>\n<\/li>\n<li class=\"\" data-start=\"2233\" data-end=\"2339\">\n<p class=\"\" data-start=\"2235\" data-end=\"2249\"><strong data-start=\"2235\" data-end=\"2249\">BABY \u2013 16\u20ac<\/strong><\/p>\n<ul data-start=\"2252\" data-end=\"2339\">\n<li class=\"\" data-start=\"2252\" data-end=\"2339\">\n<p class=\"\" data-start=\"2254\" data-end=\"2339\"><span class=\"relative -mx-px my-[-0.2rem] rounded px-px py-[0.2rem]\">Con\u00e7u sp\u00e9cialement pour les petits gourmets de 3 \u00e0 12 ans, afin qu&rsquo;ils puissent, eux aussi, profiter de ces d\u00e9lices sucr\u00e9s.<\/span>\u200b<\/p>\n<\/li>\n<\/ul>\n<\/li>\n<\/ul>\n<p class=\"\" data-start=\"2341\" data-end=\"2426\"><span class=\"relative -mx-px my-[-0.2rem] rounded px-px py-[0.2rem] bg-[#FCECC1] dark:bg-[#64572A]\">Succombez \u00e0 la tentation et laissez-vous emporter par la magie sucr\u00e9e de la bo\u00eete \u00e0 gourmandises de Bobonne !<\/span>\u200b<\/p>\n<p><strong><b>JE VOUS EXPLIQUE EN VID\u00c9O?<\/b><\/strong><\/p>\n<p><u><\/u><span class=\"x1xsqp64 xiy17q3 x1o6pynw x19co3pv xdj266r xcwd3tp xat24cr x39eecv x2b8uid\" data-testid=\"emoji\"><span class=\"xexx8yu xn5pp95 x18d9i69 x2fxd7x x3jgonx x1bhl96m\">\u2764\ufe0f<\/span><\/span><a href=\"https:\/\/youtu.be\/bZGaM15nRRM?si=BFHQ_kB0gLaWVlVi\" target=\"_blank\" rel=\"noopener\">La box gourmandises sucr\u00e9es<\/a><\/p>\n<p><a href=\"https:\/\/youtu.be\/1uSA5rxB5t4?si=cx_DAf7Ev2SQxu_V\"><u>\ud83d\udc67Les boxes pour enfants<\/u><\/a><\/p>\n<p>&nbsp;<\/p>\n","protected":false},"excerpt":{"rendered":"<p>Top pour un go\u00fbter ou pour les sweetmouths<\/p>\n","protected":false},"featured_media":5264,"template":"","meta":{"_et_pb_use_builder":"","_et_pb_old_content":"","_et_gb_content_width":""},"product_brand":[],"product_cat":[21],"product_tag":[],"class_list":{"0":"post-4534","1":"product","2":"type-product","3":"status-publish","4":"has-post-thumbnail","6":"product_cat-boites","8":"first","9":"instock","10":"shipping-taxable","11":"purchasable","12":"product-type-simple"},"_links":{"self":[{"href":"https:\/\/lesboitesdebobonne.com\/index.php\/wp-json\/wp\/v2\/product\/4534","targetHints":{"allow":["GET"]}}],"collection":[{"href":"https:\/\/lesboitesdebobonne.com\/index.php\/wp-json\/wp\/v2\/product"}],"about":[{"href":"https:\/\/lesboitesdebobonne.com\/index.php\/wp-json\/wp\/v2\/types\/product"}],"wp:featuredmedia":[{"embeddable":true,"href":"https:\/\/lesboitesdebobonne.com\/index.php\/wp-json\/wp\/v2\/media\/5264"}],"wp:attachment":[{"href":"https:\/\/lesboitesdebobonne.com\/index.php\/wp-json\/wp\/v2\/media?parent=4534"}],"wp:term":[{"taxonomy":"product_brand","embeddable":true,"href":"https:\/\/lesboitesdebobonne.com\/index.php\/wp-json\/wp\/v2\/product_brand?post=4534"},{"taxonomy":"product_cat","embeddable":true,"href":"https:\/\/lesboitesdebobonne.com\/index.php\/wp-json\/wp\/v2\/product_cat?post=4534"},{"taxonomy":"product_tag","embeddable":true,"href":"https:\/\/lesboitesdebobonne.com\/index.php\/wp-json\/wp\/v2\/product_tag?post=4534"}],"curies":[{"name":"wp","href":"https:\/\/api.w.org\/{rel}","templated":true}]}}