{"id":4149,"date":"2023-09-11T18:03:10","date_gmt":"2023-09-11T16:03:10","guid":{"rendered":"https:\/\/lesboitesdebobonne.com\/?post_type=product&#038;p=4149"},"modified":"2026-01-11T12:30:38","modified_gmt":"2026-01-11T11:30:38","slug":"verrines-tiramisu-au-speculoos-fraises-ou-aux-poires-par-10","status":"publish","type":"product","link":"https:\/\/lesboitesdebobonne.com\/index.php\/produit\/verrines-tiramisu-au-speculoos-fraises-ou-aux-poires-par-10\/","title":{"rendered":"Verrines tiramisu au speculoos fraises (ou aux poires) &#8211; Par 10"},"content":{"rendered":"<p>Lot de 10 verrines individuelles tiramisu speculoos et fraises (en \u00e9t\u00e9)<\/p>\n<p>ou<\/p>\n<p>speculoos et poires (toute l&rsquo;ann\u00e9e)<\/p>\n<p>Pr\u00e9sent\u00e9es dans des verrines de 200ml<\/p>\n","protected":false},"excerpt":{"rendered":"<p>Lot de 10 verrines individuelles tiramisu speculoos et fraises (en \u00e9t\u00e9) ou speculoos et poires (toute l&rsquo;ann\u00e9e) Pr\u00e9sent\u00e9es dans des verrines de 200ml<\/p>\n","protected":false},"featured_media":4150,"template":"","meta":{"_et_pb_use_builder":"","_et_pb_old_content":"","_et_gb_content_width":""},"product_brand":[],"product_cat":[57],"product_tag":[],"class_list":{"0":"post-4149","1":"product","2":"type-product","3":"status-publish","4":"has-post-thumbnail","6":"product_cat-food","8":"first","9":"instock","10":"shipping-taxable","11":"purchasable","12":"product-type-simple"},"_links":{"self":[{"href":"https:\/\/lesboitesdebobonne.com\/index.php\/wp-json\/wp\/v2\/product\/4149","targetHints":{"allow":["GET"]}}],"collection":[{"href":"https:\/\/lesboitesdebobonne.com\/index.php\/wp-json\/wp\/v2\/product"}],"about":[{"href":"https:\/\/lesboitesdebobonne.com\/index.php\/wp-json\/wp\/v2\/types\/product"}],"wp:featuredmedia":[{"embeddable":true,"href":"https:\/\/lesboitesdebobonne.com\/index.php\/wp-json\/wp\/v2\/media\/4150"}],"wp:attachment":[{"href":"https:\/\/lesboitesdebobonne.com\/index.php\/wp-json\/wp\/v2\/media?parent=4149"}],"wp:term":[{"taxonomy":"product_brand","embeddable":true,"href":"https:\/\/lesboitesdebobonne.com\/index.php\/wp-json\/wp\/v2\/product_brand?post=4149"},{"taxonomy":"product_cat","embeddable":true,"href":"https:\/\/lesboitesdebobonne.com\/index.php\/wp-json\/wp\/v2\/product_cat?post=4149"},{"taxonomy":"product_tag","embeddable":true,"href":"https:\/\/lesboitesdebobonne.com\/index.php\/wp-json\/wp\/v2\/product_tag?post=4149"}],"curies":[{"name":"wp","href":"https:\/\/api.w.org\/{rel}","templated":true}]}}